{"id":2067,"date":"2025-04-22T19:08:25","date_gmt":"2025-04-22T19:08:25","guid":{"rendered":"https:\/\/gentique.com\/product\/langlebiges-herz\/"},"modified":"2026-04-14T23:19:34","modified_gmt":"2026-04-14T23:19:34","slug":"langlebiges-herz","status":"publish","type":"product","link":"https:\/\/gentique.com\/de\/produkt\/langlebiges-herz\/","title":{"rendered":"Langlebiges Herz"},"content":{"rendered":"<p>Die Nahrungserg\u00e4nzungsmittel von Gentique Durable Heart f\u00fcr das Herz-Kreislauf-System k\u00f6nnen dazu beitragen, die Gesundheit des Herzens zu verbessern, indem sie Probleme wie Bluthochdruck, hohe Cholesterinwerte und Arterienentz\u00fcndungen minimieren.<\/p>\n<ul>\n<li>Unterst\u00fctzt die gesunde Herzfunktion und das Wohlbefinden des Kreislaufs<\/li>\n<li>Hilft, den Blutdruck und den Cholesterinspiegel im Gleichgewicht zu halten<\/li>\n<li>Sch\u00fctzt vor oxidativem Stress und Arterienentz\u00fcndungen<\/li>\n<li>Enth\u00e4lt n\u00fctzliche Verbindungen, die die Langlebigkeit der Gef\u00e4\u00dfe f\u00f6rdern<\/li>\n<li>Unterst\u00fctzt die mitochondriale Energieproduktion f\u00fcr anhaltende Vitalit\u00e4t<\/li>\n<\/ul>\n","protected":false},"excerpt":{"rendered":"<p>Die Nahrungserg\u00e4nzungsmittel von Gentique Durable Heart f\u00fcr das Herz-Kreislauf-System k\u00f6nnen dazu beitragen, die Gesundheit des Herzens zu verbessern, indem sie Probleme wie Bluthochdruck, hohe Cholesterinwerte und Arterienentz\u00fcndungen minimieren. Unterst\u00fctzt die gesunde Herzfunktion und das Wohlbefinden des Kreislaufs Hilft, den Blutdruck und den Cholesterinspiegel im Gleichgewicht zu halten Sch\u00fctzt vor oxidativem Stress und Arterienentz\u00fcndungen Enth\u00e4lt n\u00fctzliche [&hellip;]<\/p>\n","protected":false},"featured_media":1488,"template":"","meta":{"_acf_changed":false,"_coblocks_attr":"","_coblocks_dimensions":"","_coblocks_responsive_height":"","_coblocks_accordion_ie_support":""},"product_brand":[],"product_cat":[79,78],"product_tag":[],"class_list":{"0":"post-2067","1":"product","2":"type-product","3":"status-publish","4":"has-post-thumbnail","6":"product_cat-aktiver-lebensstil","7":"product_cat-langlebigkeit","9":"first","10":"instock","11":"featured","12":"shipping-taxable","13":"product-type-simple"},"acf":[],"yoast_head":"<!-- This site is optimized with the Yoast SEO plugin v27.5 - https:\/\/yoast.com\/product\/yoast-seo-wordpress\/ -->\n<title>Nahrungserg\u00e4nzungsmittel f\u00fcr das Kreislaufsystem | Kostenloser Versand in die USA | Gentique %<\/title>\n<meta name=\"description\" content=\"Unterst\u00fctzen Sie Ihre kardiovaskul\u00e4re Gesundheit mit unserem Nahrungserg\u00e4nzungsmittel f\u00fcr das Herz-Kreislauf-System, das aus hochwertigen Inhaltsstoffen besteht, die den Kreislauf und die Herzfunktion f\u00f6rdern.\" \/>\n<meta name=\"robots\" content=\"index, follow, max-snippet:-1, max-image-preview:large, max-video-preview:-1\" \/>\n<link rel=\"canonical\" href=\"https:\/\/gentique.com\/de\/produkt\/langlebiges-herz\/\" \/>\n<meta property=\"og:locale\" content=\"de_DE\" \/>\n<meta property=\"og:type\" content=\"article\" \/>\n<meta property=\"og:title\" content=\"Nahrungserg\u00e4nzungsmittel f\u00fcr das Kreislaufsystem | Kostenloser Versand in die USA | Gentique %\" \/>\n<meta property=\"og:description\" content=\"Unterst\u00fctzen Sie Ihre kardiovaskul\u00e4re Gesundheit mit unserem Nahrungserg\u00e4nzungsmittel f\u00fcr das Herz-Kreislauf-System, das aus hochwertigen Inhaltsstoffen besteht, die den Kreislauf und die Herzfunktion f\u00f6rdern.\" \/>\n<meta property=\"og:url\" content=\"https:\/\/gentique.com\/de\/produkt\/langlebiges-herz\/\" \/>\n<meta property=\"og:site_name\" content=\"Gentique\" \/>\n<meta property=\"article:modified_time\" content=\"2026-04-14T23:19:34+00:00\" \/>\n<meta property=\"og:image\" content=\"https:\/\/gentique.com\/wp-content\/uploads\/2025\/04\/Gentique-Durable-Heart.png\" \/>\n\t<meta property=\"og:image:width\" content=\"684\" \/>\n\t<meta property=\"og:image:height\" content=\"586\" \/>\n\t<meta property=\"og:image:type\" content=\"image\/png\" \/>\n<meta name=\"twitter:card\" content=\"summary_large_image\" \/>\n<meta name=\"twitter:label1\" content=\"Gesch\u00e4tzte Lesezeit\" \/>\n\t<meta name=\"twitter:data1\" content=\"1\u00a0Minute\" \/>\n<script type=\"application\/ld+json\" class=\"yoast-schema-graph\">{\"@context\":\"https:\\\/\\\/schema.org\",\"@graph\":[{\"@type\":\"WebPage\",\"@id\":\"https:\\\/\\\/gentique.com\\\/de\\\/produkt\\\/langlebiges-herz\\\/\",\"url\":\"https:\\\/\\\/gentique.com\\\/de\\\/produkt\\\/langlebiges-herz\\\/\",\"name\":\"Nahrungserg\u00e4nzungsmittel f\u00fcr das Kreislaufsystem | Kostenloser Versand in die USA | Gentique %\",\"isPartOf\":{\"@id\":\"https:\\\/\\\/gentique.com\\\/de\\\/#website\"},\"primaryImageOfPage\":{\"@id\":\"https:\\\/\\\/gentique.com\\\/de\\\/produkt\\\/langlebiges-herz\\\/#primaryimage\"},\"image\":{\"@id\":\"https:\\\/\\\/gentique.com\\\/de\\\/produkt\\\/langlebiges-herz\\\/#primaryimage\"},\"thumbnailUrl\":\"https:\\\/\\\/gentique.com\\\/wp-content\\\/uploads\\\/2025\\\/04\\\/Gentique-Durable-Heart.png\",\"datePublished\":\"2025-04-22T19:08:25+00:00\",\"dateModified\":\"2026-04-14T23:19:34+00:00\",\"description\":\"Unterst\u00fctzen Sie Ihre kardiovaskul\u00e4re Gesundheit mit unserem Nahrungserg\u00e4nzungsmittel f\u00fcr das Herz-Kreislauf-System, das aus hochwertigen Inhaltsstoffen besteht, die den Kreislauf und die Herzfunktion f\u00f6rdern.\",\"breadcrumb\":{\"@id\":\"https:\\\/\\\/gentique.com\\\/de\\\/produkt\\\/langlebiges-herz\\\/#breadcrumb\"},\"inLanguage\":\"de\",\"potentialAction\":[{\"@type\":\"ReadAction\",\"target\":[\"https:\\\/\\\/gentique.com\\\/de\\\/produkt\\\/langlebiges-herz\\\/\"]}]},{\"@type\":\"ImageObject\",\"inLanguage\":\"de\",\"@id\":\"https:\\\/\\\/gentique.com\\\/de\\\/produkt\\\/langlebiges-herz\\\/#primaryimage\",\"url\":\"https:\\\/\\\/gentique.com\\\/wp-content\\\/uploads\\\/2025\\\/04\\\/Gentique-Durable-Heart.png\",\"contentUrl\":\"https:\\\/\\\/gentique.com\\\/wp-content\\\/uploads\\\/2025\\\/04\\\/Gentique-Durable-Heart.png\",\"width\":684,\"height\":586},{\"@type\":\"BreadcrumbList\",\"@id\":\"https:\\\/\\\/gentique.com\\\/de\\\/produkt\\\/langlebiges-herz\\\/#breadcrumb\",\"itemListElement\":[{\"@type\":\"ListItem\",\"position\":1,\"name\":\"Home\",\"item\":\"https:\\\/\\\/gentique.com\\\/de\\\/startseite\\\/\"},{\"@type\":\"ListItem\",\"position\":2,\"name\":\"Shop\",\"item\":\"https:\\\/\\\/gentique.com\\\/de\\\/shop\\\/\"},{\"@type\":\"ListItem\",\"position\":3,\"name\":\"Langlebiges Herz\"}]},{\"@type\":\"WebSite\",\"@id\":\"https:\\\/\\\/gentique.com\\\/de\\\/#website\",\"url\":\"https:\\\/\\\/gentique.com\\\/de\\\/\",\"name\":\"Gentique\",\"description\":\"\",\"publisher\":{\"@id\":\"https:\\\/\\\/gentique.com\\\/de\\\/#organization\"},\"potentialAction\":[{\"@type\":\"SearchAction\",\"target\":{\"@type\":\"EntryPoint\",\"urlTemplate\":\"https:\\\/\\\/gentique.com\\\/de\\\/?s={search_term_string}\"},\"query-input\":{\"@type\":\"PropertyValueSpecification\",\"valueRequired\":true,\"valueName\":\"search_term_string\"}}],\"inLanguage\":\"de\"},{\"@type\":\"Organization\",\"@id\":\"https:\\\/\\\/gentique.com\\\/de\\\/#organization\",\"name\":\"Gentique\",\"url\":\"https:\\\/\\\/gentique.com\\\/de\\\/\",\"logo\":{\"@type\":\"ImageObject\",\"inLanguage\":\"de\",\"@id\":\"https:\\\/\\\/gentique.com\\\/de\\\/#\\\/schema\\\/logo\\\/image\\\/\",\"url\":\"https:\\\/\\\/gentique.com\\\/wp-content\\\/uploads\\\/2025\\\/04\\\/logo-black.svg\",\"contentUrl\":\"https:\\\/\\\/gentique.com\\\/wp-content\\\/uploads\\\/2025\\\/04\\\/logo-black.svg\",\"width\":217,\"height\":36,\"caption\":\"Gentique\"},\"image\":{\"@id\":\"https:\\\/\\\/gentique.com\\\/de\\\/#\\\/schema\\\/logo\\\/image\\\/\"}}]}<\/script>\n<!-- \/ Yoast SEO plugin. -->","yoast_head_json":{"title":"Nahrungserg\u00e4nzungsmittel f\u00fcr das Kreislaufsystem | Kostenloser Versand in die USA | Gentique %","description":"Unterst\u00fctzen Sie Ihre kardiovaskul\u00e4re Gesundheit mit unserem Nahrungserg\u00e4nzungsmittel f\u00fcr das Herz-Kreislauf-System, das aus hochwertigen Inhaltsstoffen besteht, die den Kreislauf und die Herzfunktion f\u00f6rdern.","robots":{"index":"index","follow":"follow","max-snippet":"max-snippet:-1","max-image-preview":"max-image-preview:large","max-video-preview":"max-video-preview:-1"},"canonical":"https:\/\/gentique.com\/de\/produkt\/langlebiges-herz\/","og_locale":"de_DE","og_type":"article","og_title":"Nahrungserg\u00e4nzungsmittel f\u00fcr das Kreislaufsystem | Kostenloser Versand in die USA | Gentique %","og_description":"Unterst\u00fctzen Sie Ihre kardiovaskul\u00e4re Gesundheit mit unserem Nahrungserg\u00e4nzungsmittel f\u00fcr das Herz-Kreislauf-System, das aus hochwertigen Inhaltsstoffen besteht, die den Kreislauf und die Herzfunktion f\u00f6rdern.","og_url":"https:\/\/gentique.com\/de\/produkt\/langlebiges-herz\/","og_site_name":"Gentique","article_modified_time":"2026-04-14T23:19:34+00:00","og_image":[{"width":684,"height":586,"url":"https:\/\/gentique.com\/wp-content\/uploads\/2025\/04\/Gentique-Durable-Heart.png","type":"image\/png"}],"twitter_card":"summary_large_image","twitter_misc":{"Gesch\u00e4tzte Lesezeit":"1\u00a0Minute"},"schema":{"@context":"https:\/\/schema.org","@graph":[{"@type":"WebPage","@id":"https:\/\/gentique.com\/de\/produkt\/langlebiges-herz\/","url":"https:\/\/gentique.com\/de\/produkt\/langlebiges-herz\/","name":"Nahrungserg\u00e4nzungsmittel f\u00fcr das Kreislaufsystem | Kostenloser Versand in die USA | Gentique %","isPartOf":{"@id":"https:\/\/gentique.com\/de\/#website"},"primaryImageOfPage":{"@id":"https:\/\/gentique.com\/de\/produkt\/langlebiges-herz\/#primaryimage"},"image":{"@id":"https:\/\/gentique.com\/de\/produkt\/langlebiges-herz\/#primaryimage"},"thumbnailUrl":"https:\/\/gentique.com\/wp-content\/uploads\/2025\/04\/Gentique-Durable-Heart.png","datePublished":"2025-04-22T19:08:25+00:00","dateModified":"2026-04-14T23:19:34+00:00","description":"Unterst\u00fctzen Sie Ihre kardiovaskul\u00e4re Gesundheit mit unserem Nahrungserg\u00e4nzungsmittel f\u00fcr das Herz-Kreislauf-System, das aus hochwertigen Inhaltsstoffen besteht, die den Kreislauf und die Herzfunktion f\u00f6rdern.","breadcrumb":{"@id":"https:\/\/gentique.com\/de\/produkt\/langlebiges-herz\/#breadcrumb"},"inLanguage":"de","potentialAction":[{"@type":"ReadAction","target":["https:\/\/gentique.com\/de\/produkt\/langlebiges-herz\/"]}]},{"@type":"ImageObject","inLanguage":"de","@id":"https:\/\/gentique.com\/de\/produkt\/langlebiges-herz\/#primaryimage","url":"https:\/\/gentique.com\/wp-content\/uploads\/2025\/04\/Gentique-Durable-Heart.png","contentUrl":"https:\/\/gentique.com\/wp-content\/uploads\/2025\/04\/Gentique-Durable-Heart.png","width":684,"height":586},{"@type":"BreadcrumbList","@id":"https:\/\/gentique.com\/de\/produkt\/langlebiges-herz\/#breadcrumb","itemListElement":[{"@type":"ListItem","position":1,"name":"Home","item":"https:\/\/gentique.com\/de\/startseite\/"},{"@type":"ListItem","position":2,"name":"Shop","item":"https:\/\/gentique.com\/de\/shop\/"},{"@type":"ListItem","position":3,"name":"Langlebiges Herz"}]},{"@type":"WebSite","@id":"https:\/\/gentique.com\/de\/#website","url":"https:\/\/gentique.com\/de\/","name":"Gentique","description":"","publisher":{"@id":"https:\/\/gentique.com\/de\/#organization"},"potentialAction":[{"@type":"SearchAction","target":{"@type":"EntryPoint","urlTemplate":"https:\/\/gentique.com\/de\/?s={search_term_string}"},"query-input":{"@type":"PropertyValueSpecification","valueRequired":true,"valueName":"search_term_string"}}],"inLanguage":"de"},{"@type":"Organization","@id":"https:\/\/gentique.com\/de\/#organization","name":"Gentique","url":"https:\/\/gentique.com\/de\/","logo":{"@type":"ImageObject","inLanguage":"de","@id":"https:\/\/gentique.com\/de\/#\/schema\/logo\/image\/","url":"https:\/\/gentique.com\/wp-content\/uploads\/2025\/04\/logo-black.svg","contentUrl":"https:\/\/gentique.com\/wp-content\/uploads\/2025\/04\/logo-black.svg","width":217,"height":36,"caption":"Gentique"},"image":{"@id":"https:\/\/gentique.com\/de\/#\/schema\/logo\/image\/"}}]}},"_links":{"self":[{"href":"https:\/\/gentique.com\/de\/wp-json\/wp\/v2\/product\/2067","targetHints":{"allow":["GET"]}}],"collection":[{"href":"https:\/\/gentique.com\/de\/wp-json\/wp\/v2\/product"}],"about":[{"href":"https:\/\/gentique.com\/de\/wp-json\/wp\/v2\/types\/product"}],"wp:featuredmedia":[{"embeddable":true,"href":"https:\/\/gentique.com\/de\/wp-json\/wp\/v2\/media\/1488"}],"wp:attachment":[{"href":"https:\/\/gentique.com\/de\/wp-json\/wp\/v2\/media?parent=2067"}],"wp:term":[{"taxonomy":"product_brand","embeddable":true,"href":"https:\/\/gentique.com\/de\/wp-json\/wp\/v2\/product_brand?post=2067"},{"taxonomy":"product_cat","embeddable":true,"href":"https:\/\/gentique.com\/de\/wp-json\/wp\/v2\/product_cat?post=2067"},{"taxonomy":"product_tag","embeddable":true,"href":"https:\/\/gentique.com\/de\/wp-json\/wp\/v2\/product_tag?post=2067"}],"curies":[{"name":"wp","href":"https:\/\/api.w.org\/{rel}","templated":true}]}}