{"id":2074,"date":"2025-05-24T00:57:23","date_gmt":"2025-05-24T00:57:23","guid":{"rendered":"https:\/\/gentique.com\/product\/beauty-blend\/"},"modified":"2026-04-14T22:01:39","modified_gmt":"2026-04-14T22:01:39","slug":"beauty-blend","status":"publish","type":"product","link":"https:\/\/gentique.com\/de\/produkt\/beauty-blend\/","title":{"rendered":"Beauty Blend"},"content":{"rendered":"<p>Beauty Blend von Gentique ist ein hochwertiges Nahrungserg\u00e4nzungsmittel f\u00fcr Haare, Haut und N\u00e4gel, das Ihre Haare, Haut und N\u00e4gel ges\u00fcnder machen wird. Es enth\u00e4lt Vitamin A, Zink, L-Lysin und andere N\u00e4hrstoffe, mit denen Sie Ihre Sch\u00f6nheitspflege auf ein neues Niveau heben k\u00f6nnen.<\/p>\n<ul>\n<li>Hilft, eine ges\u00fcndere, strahlendere Haut zu unterst\u00fctzen<\/li>\n<li>Kann zu kr\u00e4ftigerem, gl\u00e4nzenderem Haar beitragen<\/li>\n<li>Unterst\u00fctzt die St\u00e4rke und Struktur der N\u00e4gel<\/li>\n<li>Bietet potenziellen Schutz gegen Umweltstressoren<\/li>\n<li>Entwickelt, um die Kollagenproduktion zu f\u00f6rdern und die Elastizit\u00e4t der Haut zu verbessern<\/li>\n<\/ul>\n","protected":false},"excerpt":{"rendered":"<p>Beauty Blend von Gentique ist ein hochwertiges Nahrungserg\u00e4nzungsmittel f\u00fcr Haare, Haut und N\u00e4gel, das Ihre Haare, Haut und N\u00e4gel ges\u00fcnder machen wird. Es enth\u00e4lt Vitamin A, Zink, L-Lysin und andere N\u00e4hrstoffe, mit denen Sie Ihre Sch\u00f6nheitspflege auf ein neues Niveau heben k\u00f6nnen. Hilft, eine ges\u00fcndere, strahlendere Haut zu unterst\u00fctzen Kann zu kr\u00e4ftigerem, gl\u00e4nzenderem Haar beitragen [&hellip;]<\/p>\n","protected":false},"featured_media":1628,"template":"","meta":{"_acf_changed":false,"_coblocks_attr":"","_coblocks_dimensions":"","_coblocks_responsive_height":"","_coblocks_accordion_ie_support":""},"product_brand":[],"product_cat":[79,78],"product_tag":[],"class_list":{"0":"post-2074","1":"product","2":"type-product","3":"status-publish","4":"has-post-thumbnail","6":"product_cat-aktiver-lebensstil","7":"product_cat-langlebigkeit","9":"first","10":"outofstock","11":"featured","12":"shipping-taxable","13":"product-type-simple"},"acf":[],"yoast_head":"<!-- This site is optimized with the Yoast SEO plugin v27.5 - https:\/\/yoast.com\/product\/yoast-seo-wordpress\/ -->\n<title>Haare, Haut und N\u00e4gel Nahrungserg\u00e4nzungsmittel | Versandkostenfrei | Gentique<\/title>\n<meta name=\"description\" content=\"Unser Nahrungserg\u00e4nzungsmittel f\u00fcr Haare, Haut und N\u00e4gel wurde mit hochwertigen Inhaltsstoffen formuliert, um Ihre Haare, Haut und N\u00e4gel von innen heraus zu n\u00e4hren. Jetzt bei Gentique einkaufen.\" \/>\n<meta name=\"robots\" content=\"index, follow, max-snippet:-1, max-image-preview:large, max-video-preview:-1\" \/>\n<link rel=\"canonical\" href=\"https:\/\/gentique.com\/de\/produkt\/beauty-blend\/\" \/>\n<meta property=\"og:locale\" content=\"de_DE\" \/>\n<meta property=\"og:type\" content=\"article\" \/>\n<meta property=\"og:title\" content=\"Haare, Haut und N\u00e4gel Nahrungserg\u00e4nzungsmittel | Versandkostenfrei | Gentique\" \/>\n<meta property=\"og:description\" content=\"Unser Nahrungserg\u00e4nzungsmittel f\u00fcr Haare, Haut und N\u00e4gel wurde mit hochwertigen Inhaltsstoffen formuliert, um Ihre Haare, Haut und N\u00e4gel von innen heraus zu n\u00e4hren. Jetzt bei Gentique einkaufen.\" \/>\n<meta property=\"og:url\" content=\"https:\/\/gentique.com\/de\/produkt\/beauty-blend\/\" \/>\n<meta property=\"og:site_name\" content=\"Gentique\" \/>\n<meta property=\"article:modified_time\" content=\"2026-04-14T22:01:39+00:00\" \/>\n<meta property=\"og:image\" content=\"https:\/\/gentique.com\/wp-content\/uploads\/2025\/05\/beauty-blend.png\" \/>\n\t<meta property=\"og:image:width\" content=\"1258\" \/>\n\t<meta property=\"og:image:height\" content=\"1084\" \/>\n\t<meta property=\"og:image:type\" content=\"image\/png\" \/>\n<meta name=\"twitter:card\" content=\"summary_large_image\" \/>\n<meta name=\"twitter:label1\" content=\"Gesch\u00e4tzte Lesezeit\" \/>\n\t<meta name=\"twitter:data1\" content=\"1\u00a0Minute\" \/>\n<script type=\"application\/ld+json\" class=\"yoast-schema-graph\">{\"@context\":\"https:\\\/\\\/schema.org\",\"@graph\":[{\"@type\":\"WebPage\",\"@id\":\"https:\\\/\\\/gentique.com\\\/de\\\/produkt\\\/beauty-blend\\\/\",\"url\":\"https:\\\/\\\/gentique.com\\\/de\\\/produkt\\\/beauty-blend\\\/\",\"name\":\"Haare, Haut und N\u00e4gel Nahrungserg\u00e4nzungsmittel | Versandkostenfrei | Gentique\",\"isPartOf\":{\"@id\":\"https:\\\/\\\/gentique.com\\\/de\\\/#website\"},\"primaryImageOfPage\":{\"@id\":\"https:\\\/\\\/gentique.com\\\/de\\\/produkt\\\/beauty-blend\\\/#primaryimage\"},\"image\":{\"@id\":\"https:\\\/\\\/gentique.com\\\/de\\\/produkt\\\/beauty-blend\\\/#primaryimage\"},\"thumbnailUrl\":\"https:\\\/\\\/gentique.com\\\/wp-content\\\/uploads\\\/2025\\\/05\\\/beauty-blend.png\",\"datePublished\":\"2025-05-24T00:57:23+00:00\",\"dateModified\":\"2026-04-14T22:01:39+00:00\",\"description\":\"Unser Nahrungserg\u00e4nzungsmittel f\u00fcr Haare, Haut und N\u00e4gel wurde mit hochwertigen Inhaltsstoffen formuliert, um Ihre Haare, Haut und N\u00e4gel von innen heraus zu n\u00e4hren. Jetzt bei Gentique einkaufen.\",\"breadcrumb\":{\"@id\":\"https:\\\/\\\/gentique.com\\\/de\\\/produkt\\\/beauty-blend\\\/#breadcrumb\"},\"inLanguage\":\"de\",\"potentialAction\":[{\"@type\":\"ReadAction\",\"target\":[\"https:\\\/\\\/gentique.com\\\/de\\\/produkt\\\/beauty-blend\\\/\"]}]},{\"@type\":\"ImageObject\",\"inLanguage\":\"de\",\"@id\":\"https:\\\/\\\/gentique.com\\\/de\\\/produkt\\\/beauty-blend\\\/#primaryimage\",\"url\":\"https:\\\/\\\/gentique.com\\\/wp-content\\\/uploads\\\/2025\\\/05\\\/beauty-blend.png\",\"contentUrl\":\"https:\\\/\\\/gentique.com\\\/wp-content\\\/uploads\\\/2025\\\/05\\\/beauty-blend.png\",\"width\":1258,\"height\":1084},{\"@type\":\"BreadcrumbList\",\"@id\":\"https:\\\/\\\/gentique.com\\\/de\\\/produkt\\\/beauty-blend\\\/#breadcrumb\",\"itemListElement\":[{\"@type\":\"ListItem\",\"position\":1,\"name\":\"Home\",\"item\":\"https:\\\/\\\/gentique.com\\\/de\\\/startseite\\\/\"},{\"@type\":\"ListItem\",\"position\":2,\"name\":\"Shop\",\"item\":\"https:\\\/\\\/gentique.com\\\/de\\\/shop\\\/\"},{\"@type\":\"ListItem\",\"position\":3,\"name\":\"Beauty Blend\"}]},{\"@type\":\"WebSite\",\"@id\":\"https:\\\/\\\/gentique.com\\\/de\\\/#website\",\"url\":\"https:\\\/\\\/gentique.com\\\/de\\\/\",\"name\":\"Gentique\",\"description\":\"\",\"publisher\":{\"@id\":\"https:\\\/\\\/gentique.com\\\/de\\\/#organization\"},\"potentialAction\":[{\"@type\":\"SearchAction\",\"target\":{\"@type\":\"EntryPoint\",\"urlTemplate\":\"https:\\\/\\\/gentique.com\\\/de\\\/?s={search_term_string}\"},\"query-input\":{\"@type\":\"PropertyValueSpecification\",\"valueRequired\":true,\"valueName\":\"search_term_string\"}}],\"inLanguage\":\"de\"},{\"@type\":\"Organization\",\"@id\":\"https:\\\/\\\/gentique.com\\\/de\\\/#organization\",\"name\":\"Gentique\",\"url\":\"https:\\\/\\\/gentique.com\\\/de\\\/\",\"logo\":{\"@type\":\"ImageObject\",\"inLanguage\":\"de\",\"@id\":\"https:\\\/\\\/gentique.com\\\/de\\\/#\\\/schema\\\/logo\\\/image\\\/\",\"url\":\"https:\\\/\\\/gentique.com\\\/wp-content\\\/uploads\\\/2025\\\/04\\\/logo-black.svg\",\"contentUrl\":\"https:\\\/\\\/gentique.com\\\/wp-content\\\/uploads\\\/2025\\\/04\\\/logo-black.svg\",\"width\":217,\"height\":36,\"caption\":\"Gentique\"},\"image\":{\"@id\":\"https:\\\/\\\/gentique.com\\\/de\\\/#\\\/schema\\\/logo\\\/image\\\/\"}}]}<\/script>\n<!-- \/ Yoast SEO plugin. -->","yoast_head_json":{"title":"Haare, Haut und N\u00e4gel Nahrungserg\u00e4nzungsmittel | Versandkostenfrei | Gentique","description":"Unser Nahrungserg\u00e4nzungsmittel f\u00fcr Haare, Haut und N\u00e4gel wurde mit hochwertigen Inhaltsstoffen formuliert, um Ihre Haare, Haut und N\u00e4gel von innen heraus zu n\u00e4hren. Jetzt bei Gentique einkaufen.","robots":{"index":"index","follow":"follow","max-snippet":"max-snippet:-1","max-image-preview":"max-image-preview:large","max-video-preview":"max-video-preview:-1"},"canonical":"https:\/\/gentique.com\/de\/produkt\/beauty-blend\/","og_locale":"de_DE","og_type":"article","og_title":"Haare, Haut und N\u00e4gel Nahrungserg\u00e4nzungsmittel | Versandkostenfrei | Gentique","og_description":"Unser Nahrungserg\u00e4nzungsmittel f\u00fcr Haare, Haut und N\u00e4gel wurde mit hochwertigen Inhaltsstoffen formuliert, um Ihre Haare, Haut und N\u00e4gel von innen heraus zu n\u00e4hren. Jetzt bei Gentique einkaufen.","og_url":"https:\/\/gentique.com\/de\/produkt\/beauty-blend\/","og_site_name":"Gentique","article_modified_time":"2026-04-14T22:01:39+00:00","og_image":[{"width":1258,"height":1084,"url":"https:\/\/gentique.com\/wp-content\/uploads\/2025\/05\/beauty-blend.png","type":"image\/png"}],"twitter_card":"summary_large_image","twitter_misc":{"Gesch\u00e4tzte Lesezeit":"1\u00a0Minute"},"schema":{"@context":"https:\/\/schema.org","@graph":[{"@type":"WebPage","@id":"https:\/\/gentique.com\/de\/produkt\/beauty-blend\/","url":"https:\/\/gentique.com\/de\/produkt\/beauty-blend\/","name":"Haare, Haut und N\u00e4gel Nahrungserg\u00e4nzungsmittel | Versandkostenfrei | Gentique","isPartOf":{"@id":"https:\/\/gentique.com\/de\/#website"},"primaryImageOfPage":{"@id":"https:\/\/gentique.com\/de\/produkt\/beauty-blend\/#primaryimage"},"image":{"@id":"https:\/\/gentique.com\/de\/produkt\/beauty-blend\/#primaryimage"},"thumbnailUrl":"https:\/\/gentique.com\/wp-content\/uploads\/2025\/05\/beauty-blend.png","datePublished":"2025-05-24T00:57:23+00:00","dateModified":"2026-04-14T22:01:39+00:00","description":"Unser Nahrungserg\u00e4nzungsmittel f\u00fcr Haare, Haut und N\u00e4gel wurde mit hochwertigen Inhaltsstoffen formuliert, um Ihre Haare, Haut und N\u00e4gel von innen heraus zu n\u00e4hren. Jetzt bei Gentique einkaufen.","breadcrumb":{"@id":"https:\/\/gentique.com\/de\/produkt\/beauty-blend\/#breadcrumb"},"inLanguage":"de","potentialAction":[{"@type":"ReadAction","target":["https:\/\/gentique.com\/de\/produkt\/beauty-blend\/"]}]},{"@type":"ImageObject","inLanguage":"de","@id":"https:\/\/gentique.com\/de\/produkt\/beauty-blend\/#primaryimage","url":"https:\/\/gentique.com\/wp-content\/uploads\/2025\/05\/beauty-blend.png","contentUrl":"https:\/\/gentique.com\/wp-content\/uploads\/2025\/05\/beauty-blend.png","width":1258,"height":1084},{"@type":"BreadcrumbList","@id":"https:\/\/gentique.com\/de\/produkt\/beauty-blend\/#breadcrumb","itemListElement":[{"@type":"ListItem","position":1,"name":"Home","item":"https:\/\/gentique.com\/de\/startseite\/"},{"@type":"ListItem","position":2,"name":"Shop","item":"https:\/\/gentique.com\/de\/shop\/"},{"@type":"ListItem","position":3,"name":"Beauty Blend"}]},{"@type":"WebSite","@id":"https:\/\/gentique.com\/de\/#website","url":"https:\/\/gentique.com\/de\/","name":"Gentique","description":"","publisher":{"@id":"https:\/\/gentique.com\/de\/#organization"},"potentialAction":[{"@type":"SearchAction","target":{"@type":"EntryPoint","urlTemplate":"https:\/\/gentique.com\/de\/?s={search_term_string}"},"query-input":{"@type":"PropertyValueSpecification","valueRequired":true,"valueName":"search_term_string"}}],"inLanguage":"de"},{"@type":"Organization","@id":"https:\/\/gentique.com\/de\/#organization","name":"Gentique","url":"https:\/\/gentique.com\/de\/","logo":{"@type":"ImageObject","inLanguage":"de","@id":"https:\/\/gentique.com\/de\/#\/schema\/logo\/image\/","url":"https:\/\/gentique.com\/wp-content\/uploads\/2025\/04\/logo-black.svg","contentUrl":"https:\/\/gentique.com\/wp-content\/uploads\/2025\/04\/logo-black.svg","width":217,"height":36,"caption":"Gentique"},"image":{"@id":"https:\/\/gentique.com\/de\/#\/schema\/logo\/image\/"}}]}},"_links":{"self":[{"href":"https:\/\/gentique.com\/de\/wp-json\/wp\/v2\/product\/2074","targetHints":{"allow":["GET"]}}],"collection":[{"href":"https:\/\/gentique.com\/de\/wp-json\/wp\/v2\/product"}],"about":[{"href":"https:\/\/gentique.com\/de\/wp-json\/wp\/v2\/types\/product"}],"wp:featuredmedia":[{"embeddable":true,"href":"https:\/\/gentique.com\/de\/wp-json\/wp\/v2\/media\/1628"}],"wp:attachment":[{"href":"https:\/\/gentique.com\/de\/wp-json\/wp\/v2\/media?parent=2074"}],"wp:term":[{"taxonomy":"product_brand","embeddable":true,"href":"https:\/\/gentique.com\/de\/wp-json\/wp\/v2\/product_brand?post=2074"},{"taxonomy":"product_cat","embeddable":true,"href":"https:\/\/gentique.com\/de\/wp-json\/wp\/v2\/product_cat?post=2074"},{"taxonomy":"product_tag","embeddable":true,"href":"https:\/\/gentique.com\/de\/wp-json\/wp\/v2\/product_tag?post=2074"}],"curies":[{"name":"wp","href":"https:\/\/api.w.org\/{rel}","templated":true}]}}