{"id":2028,"date":"2025-05-24T01:12:15","date_gmt":"2025-05-24T01:12:15","guid":{"rendered":"https:\/\/gentique.com\/product\/vision-clara\/"},"modified":"2025-05-24T01:12:15","modified_gmt":"2025-05-24T01:12:15","slug":"vision-clara","status":"publish","type":"product","link":"https:\/\/gentique.com\/es\/producto\/vision-clara\/","title":{"rendered":"Visi\u00f3n clara"},"content":{"rendered":"<p>El suplemento de apoyo ocular Clear Vision de Gentique contiene lute\u00edna, zeaxantina, astaxantina y otros ingredientes que pueden limitar el impacto de las cataratas, el glaucoma, la degeneraci\u00f3n macular y otras afecciones oculares.<\/p>\n<ul>\n<li>Favorece una claridad visual \u00f3ptima<\/li>\n<li>Ayuda a defender los ojos contra el estr\u00e9s oxidativo<\/li>\n<li>Contribuye a la salud ocular a medida que envejeces<\/li>\n<li>Ayuda a la visi\u00f3n nocturna y al rendimiento visual general<\/li>\n<li>Favorece el bienestar ocular a largo plazo<\/li>\n<\/ul>\n","protected":false},"excerpt":{"rendered":"<p>El suplemento de apoyo ocular Clear Vision de Gentique contiene lute\u00edna, zeaxantina, astaxantina y otros ingredientes que pueden limitar el impacto de las cataratas, el glaucoma, la degeneraci\u00f3n macular y otras afecciones oculares. Favorece una claridad visual \u00f3ptima Ayuda a defender los ojos contra el estr\u00e9s oxidativo Contribuye a la salud ocular a medida que [&hellip;]<\/p>\n","protected":false},"featured_media":1641,"template":"","meta":{"_acf_changed":false,"_coblocks_attr":"","_coblocks_dimensions":"","_coblocks_responsive_height":"","_coblocks_accordion_ie_support":""},"product_brand":[],"product_cat":[75,74],"product_tag":[],"class_list":{"0":"post-2028","1":"product","2":"type-product","3":"status-publish","4":"has-post-thumbnail","6":"product_cat-estilo-de-vida-activo","7":"product_cat-longevidad","9":"first","10":"outofstock","11":"featured","12":"shipping-taxable","13":"product-type-simple"},"acf":[],"yoast_head":"<!-- This site is optimized with the Yoast SEO plugin v27.5 - https:\/\/yoast.com\/product\/yoast-seo-wordpress\/ -->\n<title>Suplemento de apoyo ocular | F\u00f3rmula respaldada por la ciencia | Gentique<\/title>\n<meta name=\"description\" content=\"Mejora tu salud ocular con Clear Vision, un suplemento de apoyo ocular con ingredientes de primera calidad dise\u00f1ados para fomentar la claridad, la concentraci\u00f3n y la visi\u00f3n a largo plazo.\" \/>\n<meta name=\"robots\" content=\"index, follow, max-snippet:-1, max-image-preview:large, max-video-preview:-1\" \/>\n<link rel=\"canonical\" href=\"https:\/\/gentique.com\/es\/producto\/vision-clara\/\" \/>\n<meta property=\"og:locale\" content=\"es_ES\" \/>\n<meta property=\"og:type\" content=\"article\" \/>\n<meta property=\"og:title\" content=\"Suplemento de apoyo ocular | F\u00f3rmula respaldada por la ciencia | Gentique\" \/>\n<meta property=\"og:description\" content=\"Mejora tu salud ocular con Clear Vision, un suplemento de apoyo ocular con ingredientes de primera calidad dise\u00f1ados para fomentar la claridad, la concentraci\u00f3n y la visi\u00f3n a largo plazo.\" \/>\n<meta property=\"og:url\" content=\"https:\/\/gentique.com\/es\/producto\/vision-clara\/\" \/>\n<meta property=\"og:site_name\" content=\"Gentique\" \/>\n<meta property=\"og:image\" content=\"https:\/\/gentique.com\/wp-content\/uploads\/2025\/05\/clear-vision.png\" \/>\n\t<meta property=\"og:image:width\" content=\"1258\" \/>\n\t<meta property=\"og:image:height\" content=\"1084\" \/>\n\t<meta property=\"og:image:type\" content=\"image\/png\" \/>\n<meta name=\"twitter:card\" content=\"summary_large_image\" \/>\n<script type=\"application\/ld+json\" class=\"yoast-schema-graph\">{\"@context\":\"https:\\\/\\\/schema.org\",\"@graph\":[{\"@type\":\"WebPage\",\"@id\":\"https:\\\/\\\/gentique.com\\\/es\\\/producto\\\/vision-clara\\\/\",\"url\":\"https:\\\/\\\/gentique.com\\\/es\\\/producto\\\/vision-clara\\\/\",\"name\":\"Suplemento de apoyo ocular | F\u00f3rmula respaldada por la ciencia | Gentique\",\"isPartOf\":{\"@id\":\"https:\\\/\\\/gentique.com\\\/es\\\/#website\"},\"primaryImageOfPage\":{\"@id\":\"https:\\\/\\\/gentique.com\\\/es\\\/producto\\\/vision-clara\\\/#primaryimage\"},\"image\":{\"@id\":\"https:\\\/\\\/gentique.com\\\/es\\\/producto\\\/vision-clara\\\/#primaryimage\"},\"thumbnailUrl\":\"https:\\\/\\\/gentique.com\\\/wp-content\\\/uploads\\\/2025\\\/05\\\/clear-vision.png\",\"datePublished\":\"2025-05-24T01:12:15+00:00\",\"description\":\"Mejora tu salud ocular con Clear Vision, un suplemento de apoyo ocular con ingredientes de primera calidad dise\u00f1ados para fomentar la claridad, la concentraci\u00f3n y la visi\u00f3n a largo plazo.\",\"breadcrumb\":{\"@id\":\"https:\\\/\\\/gentique.com\\\/es\\\/producto\\\/vision-clara\\\/#breadcrumb\"},\"inLanguage\":\"es\",\"potentialAction\":[{\"@type\":\"ReadAction\",\"target\":[\"https:\\\/\\\/gentique.com\\\/es\\\/producto\\\/vision-clara\\\/\"]}]},{\"@type\":\"ImageObject\",\"inLanguage\":\"es\",\"@id\":\"https:\\\/\\\/gentique.com\\\/es\\\/producto\\\/vision-clara\\\/#primaryimage\",\"url\":\"https:\\\/\\\/gentique.com\\\/wp-content\\\/uploads\\\/2025\\\/05\\\/clear-vision.png\",\"contentUrl\":\"https:\\\/\\\/gentique.com\\\/wp-content\\\/uploads\\\/2025\\\/05\\\/clear-vision.png\",\"width\":1258,\"height\":1084},{\"@type\":\"BreadcrumbList\",\"@id\":\"https:\\\/\\\/gentique.com\\\/es\\\/producto\\\/vision-clara\\\/#breadcrumb\",\"itemListElement\":[{\"@type\":\"ListItem\",\"position\":1,\"name\":\"Home\",\"item\":\"https:\\\/\\\/gentique.com\\\/es\\\/inicio\\\/\"},{\"@type\":\"ListItem\",\"position\":2,\"name\":\"Tienda\",\"item\":\"https:\\\/\\\/gentique.com\\\/es\\\/tienda\\\/\"},{\"@type\":\"ListItem\",\"position\":3,\"name\":\"Visi\u00f3n clara\"}]},{\"@type\":\"WebSite\",\"@id\":\"https:\\\/\\\/gentique.com\\\/es\\\/#website\",\"url\":\"https:\\\/\\\/gentique.com\\\/es\\\/\",\"name\":\"Gentique\",\"description\":\"\",\"publisher\":{\"@id\":\"https:\\\/\\\/gentique.com\\\/es\\\/#organization\"},\"potentialAction\":[{\"@type\":\"SearchAction\",\"target\":{\"@type\":\"EntryPoint\",\"urlTemplate\":\"https:\\\/\\\/gentique.com\\\/es\\\/?s={search_term_string}\"},\"query-input\":{\"@type\":\"PropertyValueSpecification\",\"valueRequired\":true,\"valueName\":\"search_term_string\"}}],\"inLanguage\":\"es\"},{\"@type\":\"Organization\",\"@id\":\"https:\\\/\\\/gentique.com\\\/es\\\/#organization\",\"name\":\"Gentique\",\"url\":\"https:\\\/\\\/gentique.com\\\/es\\\/\",\"logo\":{\"@type\":\"ImageObject\",\"inLanguage\":\"es\",\"@id\":\"https:\\\/\\\/gentique.com\\\/es\\\/#\\\/schema\\\/logo\\\/image\\\/\",\"url\":\"https:\\\/\\\/gentique.com\\\/wp-content\\\/uploads\\\/2025\\\/04\\\/logo-black.svg\",\"contentUrl\":\"https:\\\/\\\/gentique.com\\\/wp-content\\\/uploads\\\/2025\\\/04\\\/logo-black.svg\",\"width\":217,\"height\":36,\"caption\":\"Gentique\"},\"image\":{\"@id\":\"https:\\\/\\\/gentique.com\\\/es\\\/#\\\/schema\\\/logo\\\/image\\\/\"}}]}<\/script>\n<!-- \/ Yoast SEO plugin. -->","yoast_head_json":{"title":"Suplemento de apoyo ocular | F\u00f3rmula respaldada por la ciencia | Gentique","description":"Mejora tu salud ocular con Clear Vision, un suplemento de apoyo ocular con ingredientes de primera calidad dise\u00f1ados para fomentar la claridad, la concentraci\u00f3n y la visi\u00f3n a largo plazo.","robots":{"index":"index","follow":"follow","max-snippet":"max-snippet:-1","max-image-preview":"max-image-preview:large","max-video-preview":"max-video-preview:-1"},"canonical":"https:\/\/gentique.com\/es\/producto\/vision-clara\/","og_locale":"es_ES","og_type":"article","og_title":"Suplemento de apoyo ocular | F\u00f3rmula respaldada por la ciencia | Gentique","og_description":"Mejora tu salud ocular con Clear Vision, un suplemento de apoyo ocular con ingredientes de primera calidad dise\u00f1ados para fomentar la claridad, la concentraci\u00f3n y la visi\u00f3n a largo plazo.","og_url":"https:\/\/gentique.com\/es\/producto\/vision-clara\/","og_site_name":"Gentique","og_image":[{"width":1258,"height":1084,"url":"https:\/\/gentique.com\/wp-content\/uploads\/2025\/05\/clear-vision.png","type":"image\/png"}],"twitter_card":"summary_large_image","schema":{"@context":"https:\/\/schema.org","@graph":[{"@type":"WebPage","@id":"https:\/\/gentique.com\/es\/producto\/vision-clara\/","url":"https:\/\/gentique.com\/es\/producto\/vision-clara\/","name":"Suplemento de apoyo ocular | F\u00f3rmula respaldada por la ciencia | Gentique","isPartOf":{"@id":"https:\/\/gentique.com\/es\/#website"},"primaryImageOfPage":{"@id":"https:\/\/gentique.com\/es\/producto\/vision-clara\/#primaryimage"},"image":{"@id":"https:\/\/gentique.com\/es\/producto\/vision-clara\/#primaryimage"},"thumbnailUrl":"https:\/\/gentique.com\/wp-content\/uploads\/2025\/05\/clear-vision.png","datePublished":"2025-05-24T01:12:15+00:00","description":"Mejora tu salud ocular con Clear Vision, un suplemento de apoyo ocular con ingredientes de primera calidad dise\u00f1ados para fomentar la claridad, la concentraci\u00f3n y la visi\u00f3n a largo plazo.","breadcrumb":{"@id":"https:\/\/gentique.com\/es\/producto\/vision-clara\/#breadcrumb"},"inLanguage":"es","potentialAction":[{"@type":"ReadAction","target":["https:\/\/gentique.com\/es\/producto\/vision-clara\/"]}]},{"@type":"ImageObject","inLanguage":"es","@id":"https:\/\/gentique.com\/es\/producto\/vision-clara\/#primaryimage","url":"https:\/\/gentique.com\/wp-content\/uploads\/2025\/05\/clear-vision.png","contentUrl":"https:\/\/gentique.com\/wp-content\/uploads\/2025\/05\/clear-vision.png","width":1258,"height":1084},{"@type":"BreadcrumbList","@id":"https:\/\/gentique.com\/es\/producto\/vision-clara\/#breadcrumb","itemListElement":[{"@type":"ListItem","position":1,"name":"Home","item":"https:\/\/gentique.com\/es\/inicio\/"},{"@type":"ListItem","position":2,"name":"Tienda","item":"https:\/\/gentique.com\/es\/tienda\/"},{"@type":"ListItem","position":3,"name":"Visi\u00f3n clara"}]},{"@type":"WebSite","@id":"https:\/\/gentique.com\/es\/#website","url":"https:\/\/gentique.com\/es\/","name":"Gentique","description":"","publisher":{"@id":"https:\/\/gentique.com\/es\/#organization"},"potentialAction":[{"@type":"SearchAction","target":{"@type":"EntryPoint","urlTemplate":"https:\/\/gentique.com\/es\/?s={search_term_string}"},"query-input":{"@type":"PropertyValueSpecification","valueRequired":true,"valueName":"search_term_string"}}],"inLanguage":"es"},{"@type":"Organization","@id":"https:\/\/gentique.com\/es\/#organization","name":"Gentique","url":"https:\/\/gentique.com\/es\/","logo":{"@type":"ImageObject","inLanguage":"es","@id":"https:\/\/gentique.com\/es\/#\/schema\/logo\/image\/","url":"https:\/\/gentique.com\/wp-content\/uploads\/2025\/04\/logo-black.svg","contentUrl":"https:\/\/gentique.com\/wp-content\/uploads\/2025\/04\/logo-black.svg","width":217,"height":36,"caption":"Gentique"},"image":{"@id":"https:\/\/gentique.com\/es\/#\/schema\/logo\/image\/"}}]}},"_links":{"self":[{"href":"https:\/\/gentique.com\/es\/wp-json\/wp\/v2\/product\/2028","targetHints":{"allow":["GET"]}}],"collection":[{"href":"https:\/\/gentique.com\/es\/wp-json\/wp\/v2\/product"}],"about":[{"href":"https:\/\/gentique.com\/es\/wp-json\/wp\/v2\/types\/product"}],"wp:featuredmedia":[{"embeddable":true,"href":"https:\/\/gentique.com\/es\/wp-json\/wp\/v2\/media\/1641"}],"wp:attachment":[{"href":"https:\/\/gentique.com\/es\/wp-json\/wp\/v2\/media?parent=2028"}],"wp:term":[{"taxonomy":"product_brand","embeddable":true,"href":"https:\/\/gentique.com\/es\/wp-json\/wp\/v2\/product_brand?post=2028"},{"taxonomy":"product_cat","embeddable":true,"href":"https:\/\/gentique.com\/es\/wp-json\/wp\/v2\/product_cat?post=2028"},{"taxonomy":"product_tag","embeddable":true,"href":"https:\/\/gentique.com\/es\/wp-json\/wp\/v2\/product_tag?post=2028"}],"curies":[{"name":"wp","href":"https:\/\/api.w.org\/{rel}","templated":true}]}}